{"id":141,"date":"2013-12-02T12:16:51","date_gmt":"2013-12-02T12:16:51","guid":{"rendered":"http:\/\/ristorantedavito.it\/?page_id=141"},"modified":"2013-12-10T09:36:39","modified_gmt":"2013-12-10T09:36:39","slug":"cerimonie","status":"publish","type":"page","link":"https:\/\/www.ristorantedavito.it\/?page_id=141","title":{"rendered":"Cerimonie"},"content":{"rendered":"<p><\/p>\n<h4>Il <strong>Ristorante \u201cDa Vito\u201d<\/strong> \u00e8 la location perfetta per cerimonie ed eventi.<\/h4>\n<h4>La grande sala, che pu\u00f2 accogliere fino a 240 coperti, \u00e8 arredata con eleganza e raffinatezza e si coniuga perfettamente con l&#8217;ambiente semplice e familiare che da pi\u00f9 di cinquant&#8217;anni contraddistingue il lavoro di Vito e del suo staff.<\/h4>\n<h4>I piatti sono realizzati nel segno della tradizione locale, preparati rigorosamente solo con prodotti di stagione.<\/h4>\n<h4>A disposizione degli ospiti anche il Giardino, dove organizziamo gustosi aperitivi e angoli dedicati all&#8217;open bar.<\/h4>\n<h4>Il panorama mozzafiato sul Golfo dell&#8217;Asinara, insieme alla qualit\u00e0 delle pietanze e alla cordialit\u00e0 del nostro staff, renderanno il vostro evento unico.<\/h4>\n<p><\/p>","protected":false},"excerpt":{"rendered":"<p>Il Ristorante \u201cDa Vito\u201d \u00e8 la location perfetta per cerimonie ed eventi. La grande sala, che pu\u00f2 accogliere fino a 240 coperti, \u00e8 arredata con eleganza e raffinatezza e si coniuga perfettamente con l&#8217;ambiente semplice e familiare che da pi\u00f9 di cinquant&#8217;anni contraddistingue il lavoro di Vito e del suo staff. I piatti sono realizzati [&hellip;]<\/p>\n","protected":false},"author":1,"featured_media":0,"parent":144,"menu_order":0,"comment_status":"closed","ping_status":"closed","template":"menu-page.php","meta":{"footnotes":""},"class_list":["post-141","page","type-page","status-publish","hentry"],"_links":{"self":[{"href":"https:\/\/www.ristorantedavito.it\/index.php?rest_route=\/wp\/v2\/pages\/141","targetHints":{"allow":["GET"]}}],"collection":[{"href":"https:\/\/www.ristorantedavito.it\/index.php?rest_route=\/wp\/v2\/pages"}],"about":[{"href":"https:\/\/www.ristorantedavito.it\/index.php?rest_route=\/wp\/v2\/types\/page"}],"author":[{"embeddable":true,"href":"https:\/\/www.ristorantedavito.it\/index.php?rest_route=\/wp\/v2\/users\/1"}],"replies":[{"embeddable":true,"href":"https:\/\/www.ristorantedavito.it\/index.php?rest_route=%2Fwp%2Fv2%2Fcomments&post=141"}],"version-history":[{"count":8,"href":"https:\/\/www.ristorantedavito.it\/index.php?rest_route=\/wp\/v2\/pages\/141\/revisions"}],"predecessor-version":[{"id":220,"href":"https:\/\/www.ristorantedavito.it\/index.php?rest_route=\/wp\/v2\/pages\/141\/revisions\/220"}],"up":[{"embeddable":true,"href":"https:\/\/www.ristorantedavito.it\/index.php?rest_route=\/wp\/v2\/pages\/144"}],"wp:attachment":[{"href":"https:\/\/www.ristorantedavito.it\/index.php?rest_route=%2Fwp%2Fv2%2Fmedia&parent=141"}],"curies":[{"name":"wp","href":"https:\/\/api.w.org\/{rel}","templated":true}]}}